{"id":931,"date":"2025-01-30T05:14:52","date_gmt":"2025-01-30T05:14:52","guid":{"rendered":"https:\/\/job.leximco.jp\/?page_id=931"},"modified":"2025-04-03T01:10:42","modified_gmt":"2025-04-02T18:10:42","slug":"application-form","status":"publish","type":"page","link":"https:\/\/job.leximco.jp\/vi\/application-form\/","title":{"rendered":"\u1ee8ng tuy\u1ec3n online"},"content":{"rendered":"<div data-elementor-type=\"wp-page\" data-elementor-id=\"931\" class=\"elementor elementor-931\" data-elementor-post-type=\"page\">\n\t\t\t\t<div class=\"elementor-element elementor-element-b0d7a76 e-con-full e-flex e-con e-parent\" data-id=\"b0d7a76\" data-element_type=\"container\" data-settings=\"{&quot;background_background&quot;:&quot;classic&quot;}\">\n\t\t\t\t<div class=\"elementor-element elementor-element-0d1271a elementor-widget elementor-widget-heading\" data-id=\"0d1271a\" data-element_type=\"widget\" data-widget_type=\"heading.default\">\n\t\t\t\t<div class=\"elementor-widget-container\">\n\t\t\t\t\t<h2 class=\"elementor-heading-title elementor-size-default\">\u1ee8ng tuy\u1ec3n online<\/h2>\t\t\t\t<\/div>\n\t\t\t\t<\/div>\n\t\t\t\t<\/div>\n\t\t<div class=\"elementor-element elementor-element-4009b98 e-flex e-con-boxed e-con e-parent\" data-id=\"4009b98\" data-element_type=\"container\" data-settings=\"{&quot;background_background&quot;:&quot;classic&quot;}\">\n\t\t\t\t\t<div class=\"e-con-inner\">\n\t\t\t\t<div class=\"elementor-element elementor-element-486ef58 elementor-widget elementor-widget-shortcode\" data-id=\"486ef58\" data-element_type=\"widget\" data-widget_type=\"shortcode.default\">\n\t\t\t\t<div class=\"elementor-widget-container\">\n\t\t\t\t\t\t\t<div class=\"elementor-shortcode\"><div class=\"custom-breadcrumbs\"><a href=\"https:\/\/job.leximco.jp\/vi\"><img decoding=\"async\" src=\"http:\/\/job.leximco.jp\/wp-content\/uploads\/2025\/01\/Vector-6.svg\" alt=\"Home Icon\" class=\"breadcrumb-home-icon\"><\/a><\/div>\n<\/div>\n\t\t\t\t\t\t<\/div>\n\t\t\t\t<\/div>\n\t\t\t\t\t<\/div>\n\t\t\t\t<\/div>\n\t\t<div class=\"elementor-element elementor-element-860d8d1 e-flex e-con-boxed e-con e-parent\" data-id=\"860d8d1\" data-element_type=\"container\">\n\t\t\t\t\t<div class=\"e-con-inner\">\n\t\t\t\t<div class=\"elementor-element elementor-element-962ed25 elementor-widget elementor-widget-text-editor\" data-id=\"962ed25\" data-element_type=\"widget\" data-widget_type=\"text-editor.default\">\n\t\t\t\t<div class=\"elementor-widget-container\">\n\t\t\t\t\t\t\t\t\t* l\u00e0 tr\u01b0\u1eddng b\u1eaft bu\u1ed9c ph\u1ea3i nh\u1eadp\t\t\t\t\t\t\t\t<\/div>\n\t\t\t\t<\/div>\n\t\t\t\t\t<\/div>\n\t\t\t\t<\/div>\n\t\t<div class=\"elementor-element elementor-element-3e8f9c7 e-flex e-con-boxed e-con e-parent\" data-id=\"3e8f9c7\" data-element_type=\"container\">\n\t\t\t\t\t<div class=\"e-con-inner\">\n\t\t\t\t<div class=\"elementor-element elementor-element-4b68147 elementor-widget elementor-widget-shortcode\" data-id=\"4b68147\" data-element_type=\"widget\" data-widget_type=\"shortcode.default\">\n\t\t\t\t<div class=\"elementor-widget-container\">\n\t\t\t\t\t\t\t<div class=\"elementor-shortcode\">    <form id=\"custom-application-form\" action=\"\">\n        <div class=\"form-container\">\n            <!-- Name -->\n            <div class=\"form-row\">\n                <p class=\"form-label\">H\u1ecd v\u00e0 t\u00ean *<\/p>\n                <div class=\"form-name\">\n                    <div class=\"name-field\">\n                        <input type=\"text\" id=\"last-name\" name=\"last-name\" required placeholder=\"H\u1ecd\">\n                    <\/div>\n                    <div class=\"name-field\">\n                        <input type=\"text\" id=\"first-name\" name=\"first-name\" required placeholder=\"T\u00ean\">\n                    <\/div>\n                <\/div>\n            <\/div>\n\n            <!-- Gender -->\n            <div class=\"form-group\">\n                <p>Gi\u1edbi t\u00ednh *<\/p>\n                <div class=\"radio-group\">\n                    <label><input type=\"radio\" name=\"gender\" value=\"male\"> Nam<\/label>\n                    <label><input type=\"radio\" name=\"gender\" value=\"female\"> N\u1eef<\/label>\n                <\/div>\n            <\/div>\n\n            <!-- Date of Birth -->\n            <div class=\"form-group\">\n                <p>Ng\u00e0y th\u00e1ng n\u0103m sinh *<\/p>\n                <input type=\"date\" id=\"dob\" name=\"dob\" required>\n            <\/div>\n\n            <!-- Residence -->\n            <div class=\"form-group\">\n                <p>N\u01a1i \u1edf hi\u1ec7n t\u1ea1i *<\/p>\n                <input type=\"text\" id=\"residence\" name=\"residence\" required>\n            <\/div>\n\n            <!-- Contact Method -->\n            <div class=\"form-group\">\n                <p>Ph\u01b0\u01a1ng th\u1ee9c li\u00ean l\u1ea1c *<\/p>\n                <div class=\"radio-group\">\n                    <label><input type=\"radio\" name=\"contact-method\" value=\"phone\" required> \u0110i\u1ec7n Tho\u1ea1i<\/label>\n                    <label><input type=\"radio\" name=\"contact-method\" value=\"email\" required> Email<\/label>\n                <\/div>\n            <\/div>\n\n            <div class=\"form-group\">\n                <p>S\u1ed1 \u0111i\u1ec7n tho\u1ea1i<\/p>\n                <input type=\"text\" name=\"phone-number\">\n            <\/div>\n\n            <!-- Email Address -->\n            <div class=\"form-group\">\n                <p>\u0110\u1ecba ch\u1ec9 E mail *<\/p>\n                <input type=\"email\" id=\"email\" name=\"email\" required>\n            <\/div>\n\n            <!-- Survey Section -->\n\n<div class=\"form-group\">\n    <p>\n        Kh\u1ea3o s\u00e1t *    <\/p>\n    <textarea id=\"survey\" name=\"survey\" rows=\"10\">1. B\u1ea1n \u0111\u00e3 t\u1eebng l\u00e0m vi\u1ec7c t\u1ea1i Leximco ch\u01b0a? N\u1ebfu c\u00f3, l\u00fd do ngh\u1ec9 vi\u1ec7c l\u00e0 g\u00ec?\n2. Ng\u00e0nh h\u1ecdc c\u1ee7a b\u1ea1n l\u00e0 g\u00ec?\n3. Tr\u00ecnh \u0111\u1ed9 ti\u1ebfng Nh\u1eadt c\u1ee7a b\u1ea1n nh\u01b0 th\u1ebf n\u00e0o?\n4. H\u00e3y chia s\u1ebb kinh nghi\u1ec7m l\u00e0m vi\u1ec7c tr\u01b0\u1edbc \u0111\u00e2y c\u1ee7a b\u1ea1n.\n5. Th\u1eddi h\u1ea1n visa hi\u1ec7n t\u1ea1i c\u1ee7a b\u1ea1n \u0111\u1ebfn khi n\u00e0o?\n6. N\u1ebfu tr\u00fang tuy\u1ec3n, b\u1ea1n c\u00f3 th\u1ec3 b\u1eaft \u0111\u1ea7u l\u00e0m vi\u1ec7c t\u1eeb khi n\u00e0o?\n7. B\u1ea1n c\u00f3 k\u1ebf ho\u1ea1ch v\u1ec1 n\u01b0\u1edbc trong th\u1eddi gian t\u1edbi kh\u00f4ng?\n8. B\u1ea1n mu\u1ed1n \u1edf k\u00fd t\u00fac x\u00e1 c\u00f4ng ty hay thu\u00ea ph\u00f2ng ri\u00eang?\n9. B\u1ea1n d\u1ef1 \u0111\u1ecbnh \u0111i l\u00e0m b\u1eb1ng ph\u01b0\u01a1ng ti\u1ec7n g\u00ec?\n10. B\u1ea1n c\u00f3 \u0111ang n\u1ed9p \u0111\u01a1n ho\u1eb7c ph\u1ecfng v\u1ea5n \u1edf v\u1ecb tr\u00ed kh\u00e1c c\u1ee7a Leximco kh\u00f4ng?<\/textarea>\n<\/div>\n\n\n\n            <div class=\"form-group\">\n                <p>B\u00ecnh lu\u1eadn *<\/p>\n                <textarea id=\"comment\" name=\"comment\" rows=\"8\" required><\/textarea>\n            <\/div>\n\n            <div class=\"form-group\" style=\"width: 100%;\">\n                <p>Ch\u00ednh s\u00e1ch b\u1ea3o m\u1eadt<\/p>\n                <div class=\"policy-box\">\n                    <p><strong>Ch\u00ednh s\u00e1ch b\u1ea3o v\u1ec7 th\u00f4ng tin c\u00e1 nh\u00e2n<\/strong><\/p>\n                    <p>C\u00f4ng ty ch\u00fang t\u00f4i coi vi\u1ec7c b\u1ea3o v\u1ec7 th\u00f4ng tin c\u00e1 nh\u00e2n c\u1ee7a kh\u00e1ch h\u00e0ng l\u00e0 \u01b0u ti\u00ean h\u00e0ng \u0111\u1ea7u v\u00e0 x\u1eed l\u00fd th\u00f4ng tin c\u00e1 nh\u00e2n d\u1ef1a tr\u00ean ch\u00ednh s\u00e1ch sau.<\/p>\n                    <p><strong>1. V\u1ec1 vi\u1ec7c thu th\u1eadp th\u00f4ng tin c\u00e1 nh\u00e2n<\/strong><br>Ch\u00fang t\u00f4i ch\u1ec9 thu th\u1eadp th\u00f4ng tin c\u00e1 nh\u00e2n t\u1eeb kh\u00e1ch h\u00e0ng trong ph\u1ea1m vi c\u1ea7n thi\u1ebft. Th\u00f4ng tin \u0111\u01b0\u1ee3c thu th\u1eadp ch\u1ec9 bao g\u1ed3m h\u1ecd t\u00ean, \u0111\u1ecba ch\u1ec9, s\u1ed1 \u0111i\u1ec7n tho\u1ea1i, \u0111\u1ecba ch\u1ec9 email v\u00e0 c\u00e1c th\u00f4ng tin kh\u00e1c m\u00e0 b\u1ea1n \u0111\u00e3 nh\u1eadp.<\/p>\n                    <p><strong>2. M\u1ee5c \u0111\u00edch s\u1eed d\u1ee5ng th\u00f4ng tin c\u00e1 nh\u00e2n<\/strong><br>Th\u00f4ng tin c\u00e1 nh\u00e2n \u0111\u01b0\u1ee3c thu th\u1eadp s\u1ebd \u0111\u01b0\u1ee3c s\u1eed d\u1ee5ng cho c\u00e1c m\u1ee5c \u0111\u00edch sau.<br>Nh\u1eb1m cung c\u1ea5p d\u1ecbch v\u1ee5 v\u00e0 h\u1ed7 tr\u1ee3<br>\u0110\u1ec3 cung c\u1ea5p d\u1ecbch v\u1ee5 v\u00e0 h\u1ed7 tr\u1ee3<br>\u0110\u1ec3 cung c\u1ea5p d\u1ecbch v\u1ee5 ph\u00f9 h\u1ee3p v\u1edbi y\u00eau c\u1ea7u c\u1ee7a kh\u00e1ch h\u00e0ng<br>\u0110\u1ec3 th\u1ef1c hi\u1ec7n theo quy \u0111\u1ecbnh c\u1ee7a ph\u00e1p lu\u1eadt<\/p>\n                    <p><strong>3. Cung c\u1ea5p th\u00f4ng tin c\u00e1 nh\u00e2n cho b\u00ean th\u1ee9 ba<\/strong><br>Ch\u00fang t\u00f4i kh\u00f4ng cung c\u1ea5p th\u00f4ng tin c\u00e1 nh\u00e2n c\u1ee7a b\u1ea1n cho b\u00ean th\u1ee9 ba, tr\u1eeb khi \u0111\u01b0\u1ee3c y\u00eau c\u1ea7u theo quy \u0111\u1ecbnh c\u1ee7a ph\u00e1p lu\u1eadt.<\/p>\n                    <p><strong>4. Qu\u1ea3n l\u00fd th\u00f4ng tin c\u00e1 nh\u00e2n<\/strong><br>Th\u00f4ng tin c\u00e1 nh\u00e2n c\u1ee7a b\u1ea1n \u0111\u01b0\u1ee3c l\u01b0u tr\u1eef an to\u00e0n d\u01b0\u1edbi s\u1ef1 qu\u1ea3n l\u00fd th\u00edch h\u1ee3p, v\u00e0 ch\u00fang t\u00f4i \u00e1p d\u1ee5ng c\u00e1c bi\u1ec7n ph\u00e1p \u0111\u1ec3 ng\u0103n ch\u1eb7n truy c\u1eadp tr\u00e1i ph\u00e9p, r\u00f2 r\u1ec9 ho\u1eb7c thay \u0111\u1ed5i th\u00f4ng tin.<\/p>\n                    <p><strong>5. C\u00f4ng khai, ch\u1ec9nh s\u1eeda v\u00e0 x\u00f3a th\u00f4ng tin c\u00e1 nh\u00e2n<\/strong><br>Kh\u00e1ch h\u00e0ng c\u00f3 th\u1ec3 y\u00eau c\u1ea7u ti\u1ebft l\u1ed9, ch\u1ec9nh s\u1eeda ho\u1eb7c x\u00f3a th\u00f4ng tin c\u00e1 nh\u00e2n c\u1ee7a m\u00ecnh. Trong tr\u01b0\u1eddng h\u1ee3p \u0111\u00f3, ch\u00fang t\u00f4i s\u1ebd ph\u1ea3n h\u1ed3i theo \u0111\u00fang th\u1ee7 t\u1ee5c quy \u0111\u1ecbnh.<\/p>\n                    <p><strong>6. V\u1ec1 vi\u1ec7c s\u1eed d\u1ee5ng Cookie (t\u1ec7p cookie)<\/strong><br>Trang web c\u1ee7a ch\u00fang t\u00f4i c\u00f3 th\u1ec3 s\u1eed d\u1ee5ng cookie. Th\u00f4ng qua cookie, ch\u00fang t\u00f4i l\u01b0u tr\u1eef l\u1ecbch s\u1eed duy\u1ec7t web v\u00e0 c\u00e0i \u0111\u1eb7t c\u1ee7a b\u1ea1n nh\u1eb1m cung c\u1ea5p d\u1ecbch v\u1ee5 t\u1ed1t h\u01a1n.<\/p>\n                    <p><strong>7. V\u1ec1 vi\u1ec7c s\u1eeda \u0111\u1ed5i (ch\u00ednh s\u00e1ch)<\/strong><br>Ch\u00ednh s\u00e1ch n\u00e0y c\u00f3 th\u1ec3 \u0111\u01b0\u1ee3c s\u1eeda \u0111\u1ed5i khi c\u1ea7n thi\u1ebft. N\u1ebfu c\u00f3 s\u1eeda \u0111\u1ed5i, ch\u00fang t\u00f4i s\u1ebd th\u00f4ng b\u00e1o tr\u00ean trang web c\u1ee7a m\u00ecnh.<\/p>\n                    <p><strong>8. Li\u00ean h\u1ec7<\/strong><br>N\u1ebfu b\u1ea1n c\u00f3 b\u1ea5t k\u1ef3 th\u1eafc m\u1eafc n\u00e0o li\u00ean quan \u0111\u1ebfn vi\u1ec7c x\u1eed l\u00fd th\u00f4ng tin c\u00e1 nh\u00e2n, vui l\u00f2ng li\u00ean h\u1ec7 v\u1edbi ch\u00fang t\u00f4i qua \u0111\u1ecba ch\u1ec9 d\u01b0\u1edbi \u0111\u00e2y.<\/p>\n                    <p><strong>Th\u00f4ng tin li\u00ean h\u1ec7:<\/strong><br>T\u00ean c\u00f4ng ty: Leximco<br>\u3012564-0051 T\u00f2a nh\u00e0 Nihon Kogyo, Ph\u00f2ng 801, 9-15 Toyotsu-cho, Th\u00e0nh ph\u1ed1 Suita, T\u1ec9nh Osaka, Nh\u1eadt B\u1ea3n<br>\u0110T: 06-4862-5760 \/ FAX. 06-4862-5761<br>Email:<a href=\"mailto:info@leximco.co.jp\">info@leximco.co.jp<\/a><\/p>\n                <\/div>\n            <\/div>\n\n            <div class=\"form-group\">\n                <p>Ch\u00ednh s\u00e1ch b\u1ea3o m\u1eadt<\/p>\n                <div class=\"radio-group\">\n                    <label><input type=\"radio\" name=\"policy\" value=\"agree\" required> \u0110\u1ed3ng \u00fd<\/label>\n                    <label><input type=\"radio\" name=\"policy\" value=\"disagree\" required> Kh\u00f4ng \u0111\u1ed3ng \u00fd<\/label>\n                <\/div>\n            <\/div>\n\n            <!-- Submit Button -->\n            <div class=\"submit-btn\">\n                <input type=\"submit\" value=\"X\u00e1c nh\u1eadn th\u00f4ng tin \u0111\u00e3 nh\u1eadp\">\n            <\/div>\n        <\/div>\n    <input type=\"hidden\" name=\"trp-form-language\" value=\"vi\"\/><\/form>\n    <div id=\"form-response\"><\/div>\n\n    <script>\n    document.addEventListener('DOMContentLoaded', function () {\n        const form = document.getElementById('custom-application-form');\n        form.addEventListener('submit', function (e) {\n            e.preventDefault();\n            const formData = new FormData(form);\n            formData.append('action', 'submit_application_form');\n\n            fetch('https:\/\/job.leximco.jp\/wp-admin\/admin-ajax.php', {\n                method: 'POST',\n                body: formData\n            })\n            .then(res => res.json())\n            .then(data => {\n                const responseEl = document.getElementById('form-response');\n                responseEl.innerHTML = `<div style=\\\"padding:10px; border-radius:5px; background:#e6ffed; color:#257942; border:1px solid #b2e0b2;\\\">${data.data}<\/div>`;\n            });\n        });\n    });\n    <\/script>\n    <\/div>\n\t\t\t\t\t\t<\/div>\n\t\t\t\t<\/div>\n\t\t\t\t\t<\/div>\n\t\t\t\t<\/div>\n\t\t\t\t<\/div>","protected":false},"excerpt":{"rendered":"<p>\u30ab\u30f3\u30bf\u30f3WEB\u5fdc\u52df *\u306f\u5fc5\u9808\u9805\u76ee\u3067\u3059\u3002<\/p>","protected":false},"author":1,"featured_media":0,"parent":0,"menu_order":0,"comment_status":"closed","ping_status":"closed","template":"","meta":{"footnotes":""},"class_list":["post-931","page","type-page","status-publish","hentry"],"yoast_head":"<!-- This site is optimized with the Yoast SEO Premium plugin v24.8 (Yoast SEO v24.8.1) - https:\/\/yoast.com\/wordpress\/plugins\/seo\/ -->\n<title>\u30ab\u30f3\u30bf\u30f3WEB\u5fdc\u52df - Leximco<\/title>\n<meta name=\"robots\" content=\"index, follow, max-snippet:-1, max-image-preview:large, max-video-preview:-1\" \/>\n<link rel=\"canonical\" href=\"https:\/\/job.leximco.jp\/vi\/application-form\/\" \/>\n<meta property=\"og:locale\" content=\"vi_VN\" \/>\n<meta property=\"og:type\" content=\"article\" \/>\n<meta property=\"og:title\" content=\"\u30ab\u30f3\u30bf\u30f3WEB\u5fdc\u52df\" \/>\n<meta property=\"og:description\" content=\"\u30ab\u30f3\u30bf\u30f3WEB\u5fdc\u52df *\u306f\u5fc5\u9808\u9805\u76ee\u3067\u3059\u3002\" \/>\n<meta property=\"og:url\" content=\"https:\/\/job.leximco.jp\/vi\/application-form\/\" \/>\n<meta property=\"og:site_name\" content=\"Leximco\" \/>\n<meta property=\"article:modified_time\" content=\"2025-04-02T18:10:42+00:00\" \/>\n<meta name=\"twitter:card\" content=\"summary_large_image\" \/>\n<script type=\"application\/ld+json\" class=\"yoast-schema-graph\">{\"@context\":\"https:\/\/schema.org\",\"@graph\":[{\"@type\":\"WebPage\",\"@id\":\"https:\/\/job.leximco.jp\/application-form\/\",\"url\":\"https:\/\/job.leximco.jp\/application-form\/\",\"name\":\"\u30ab\u30f3\u30bf\u30f3WEB\u5fdc\u52df - Leximco\",\"isPartOf\":{\"@id\":\"https:\/\/job.leximco.jp\/#website\"},\"datePublished\":\"2025-01-30T05:14:52+00:00\",\"dateModified\":\"2025-04-02T18:10:42+00:00\",\"breadcrumb\":{\"@id\":\"https:\/\/job.leximco.jp\/application-form\/#breadcrumb\"},\"inLanguage\":\"vi\",\"potentialAction\":[{\"@type\":\"ReadAction\",\"target\":[\"https:\/\/job.leximco.jp\/application-form\/\"]}]},{\"@type\":\"BreadcrumbList\",\"@id\":\"https:\/\/job.leximco.jp\/application-form\/#breadcrumb\",\"itemListElement\":[{\"@type\":\"ListItem\",\"position\":1,\"name\":\"Home\",\"item\":\"https:\/\/job.leximco.jp\/\"},{\"@type\":\"ListItem\",\"position\":2,\"name\":\"\u30ab\u30f3\u30bf\u30f3WEB\u5fdc\u52df\"}]},{\"@type\":\"WebSite\",\"@id\":\"https:\/\/job.leximco.jp\/#website\",\"url\":\"https:\/\/job.leximco.jp\/\",\"name\":\"Leximco\",\"description\":\"\u7121\u6599\u8ee2\u8077\u30b5\u30dd\u30fc\u30c8\",\"publisher\":{\"@id\":\"https:\/\/job.leximco.jp\/#organization\"},\"potentialAction\":[{\"@type\":\"SearchAction\",\"target\":{\"@type\":\"EntryPoint\",\"urlTemplate\":\"https:\/\/job.leximco.jp\/?s={search_term_string}\"},\"query-input\":{\"@type\":\"PropertyValueSpecification\",\"valueRequired\":true,\"valueName\":\"search_term_string\"}}],\"inLanguage\":\"vi\"},{\"@type\":\"Organization\",\"@id\":\"https:\/\/job.leximco.jp\/#organization\",\"name\":\"Leximco\",\"url\":\"https:\/\/job.leximco.jp\/\",\"logo\":{\"@type\":\"ImageObject\",\"inLanguage\":\"vi\",\"@id\":\"https:\/\/job.leximco.jp\/#\/schema\/logo\/image\/\",\"url\":\"https:\/\/job.leximco.jp\/wp-content\/uploads\/2025\/04\/cropped-z6451993174049_bd5eb7045102a0a8c2f06ec3b4dabb6f.jpg\",\"contentUrl\":\"https:\/\/job.leximco.jp\/wp-content\/uploads\/2025\/04\/cropped-z6451993174049_bd5eb7045102a0a8c2f06ec3b4dabb6f.jpg\",\"width\":512,\"height\":512,\"caption\":\"Leximco\"},\"image\":{\"@id\":\"https:\/\/job.leximco.jp\/#\/schema\/logo\/image\/\"}}]}<\/script>\n<!-- \/ Yoast SEO Premium plugin. -->","yoast_head_json":{"title":"\u30ab\u30f3\u30bf\u30f3WEB\u5fdc\u52df - Leximco","robots":{"index":"index","follow":"follow","max-snippet":"max-snippet:-1","max-image-preview":"max-image-preview:large","max-video-preview":"max-video-preview:-1"},"canonical":"https:\/\/job.leximco.jp\/vi\/application-form\/","og_locale":"vi_VN","og_type":"article","og_title":"\u30ab\u30f3\u30bf\u30f3WEB\u5fdc\u52df","og_description":"\u30ab\u30f3\u30bf\u30f3WEB\u5fdc\u52df *\u306f\u5fc5\u9808\u9805\u76ee\u3067\u3059\u3002","og_url":"https:\/\/job.leximco.jp\/vi\/application-form\/","og_site_name":"Leximco","article_modified_time":"2025-04-02T18:10:42+00:00","twitter_card":"summary_large_image","schema":{"@context":"https:\/\/schema.org","@graph":[{"@type":"WebPage","@id":"https:\/\/job.leximco.jp\/application-form\/","url":"https:\/\/job.leximco.jp\/application-form\/","name":"\u30ab\u30f3\u30bf\u30f3WEB\u5fdc\u52df - Leximco","isPartOf":{"@id":"https:\/\/job.leximco.jp\/#website"},"datePublished":"2025-01-30T05:14:52+00:00","dateModified":"2025-04-02T18:10:42+00:00","breadcrumb":{"@id":"https:\/\/job.leximco.jp\/application-form\/#breadcrumb"},"inLanguage":"vi","potentialAction":[{"@type":"ReadAction","target":["https:\/\/job.leximco.jp\/application-form\/"]}]},{"@type":"BreadcrumbList","@id":"https:\/\/job.leximco.jp\/application-form\/#breadcrumb","itemListElement":[{"@type":"ListItem","position":1,"name":"Home","item":"https:\/\/job.leximco.jp\/"},{"@type":"ListItem","position":2,"name":"\u30ab\u30f3\u30bf\u30f3WEB\u5fdc\u52df"}]},{"@type":"WebSite","@id":"https:\/\/job.leximco.jp\/#website","url":"https:\/\/job.leximco.jp\/","name":"Leximco","description":"\u7121\u6599\u8ee2\u8077\u30b5\u30dd\u30fc\u30c8","publisher":{"@id":"https:\/\/job.leximco.jp\/#organization"},"potentialAction":[{"@type":"SearchAction","target":{"@type":"EntryPoint","urlTemplate":"https:\/\/job.leximco.jp\/?s={search_term_string}"},"query-input":{"@type":"PropertyValueSpecification","valueRequired":true,"valueName":"search_term_string"}}],"inLanguage":"vi"},{"@type":"Organization","@id":"https:\/\/job.leximco.jp\/#organization","name":"Leximco","url":"https:\/\/job.leximco.jp\/","logo":{"@type":"ImageObject","inLanguage":"vi","@id":"https:\/\/job.leximco.jp\/#\/schema\/logo\/image\/","url":"https:\/\/job.leximco.jp\/wp-content\/uploads\/2025\/04\/cropped-z6451993174049_bd5eb7045102a0a8c2f06ec3b4dabb6f.jpg","contentUrl":"https:\/\/job.leximco.jp\/wp-content\/uploads\/2025\/04\/cropped-z6451993174049_bd5eb7045102a0a8c2f06ec3b4dabb6f.jpg","width":512,"height":512,"caption":"Leximco"},"image":{"@id":"https:\/\/job.leximco.jp\/#\/schema\/logo\/image\/"}}]}},"_links":{"self":[{"href":"https:\/\/job.leximco.jp\/vi\/wp-json\/wp\/v2\/pages\/931","targetHints":{"allow":["GET"]}}],"collection":[{"href":"https:\/\/job.leximco.jp\/vi\/wp-json\/wp\/v2\/pages"}],"about":[{"href":"https:\/\/job.leximco.jp\/vi\/wp-json\/wp\/v2\/types\/page"}],"author":[{"embeddable":true,"href":"https:\/\/job.leximco.jp\/vi\/wp-json\/wp\/v2\/users\/1"}],"replies":[{"embeddable":true,"href":"https:\/\/job.leximco.jp\/vi\/wp-json\/wp\/v2\/comments?post=931"}],"version-history":[{"count":205,"href":"https:\/\/job.leximco.jp\/vi\/wp-json\/wp\/v2\/pages\/931\/revisions"}],"predecessor-version":[{"id":8060,"href":"https:\/\/job.leximco.jp\/vi\/wp-json\/wp\/v2\/pages\/931\/revisions\/8060"}],"wp:attachment":[{"href":"https:\/\/job.leximco.jp\/vi\/wp-json\/wp\/v2\/media?parent=931"}],"curies":[{"name":"wp","href":"https:\/\/api.w.org\/{rel}","templated":true}]}}