{"id":39,"date":"2025-01-13T02:20:09","date_gmt":"2025-01-13T02:20:09","guid":{"rendered":"https:\/\/job.leximco.jp\/?page_id=39"},"modified":"2025-04-09T13:01:02","modified_gmt":"2025-04-09T06:01:02","slug":"application-process","status":"publish","type":"page","link":"https:\/\/job.leximco.jp\/vi\/application-process\/","title":{"rendered":"Quy tr\u00ecnh \u1ee9ng tuy\u1ec3n"},"content":{"rendered":"<div data-elementor-type=\"wp-page\" data-elementor-id=\"39\" class=\"elementor elementor-39\" data-elementor-post-type=\"page\">\n\t\t\t\t<div class=\"elementor-element elementor-element-b2b33ef e-flex e-con-boxed e-con e-parent\" data-id=\"b2b33ef\" data-element_type=\"container\" data-settings=\"{&quot;background_background&quot;:&quot;classic&quot;}\">\n\t\t\t\t\t<div class=\"e-con-inner\">\n\t\t\t\t\t<\/div>\n\t\t\t\t<\/div>\n\t\t<div class=\"elementor-element elementor-element-56e477f e-flex e-con-boxed e-con e-parent\" data-id=\"56e477f\" data-element_type=\"container\" data-settings=\"{&quot;background_background&quot;:&quot;classic&quot;}\">\n\t\t\t\t\t<div class=\"e-con-inner\">\n\t\t\t\t<div class=\"elementor-element elementor-element-da334a7 elementor-widget elementor-widget-shortcode\" data-id=\"da334a7\" data-element_type=\"widget\" data-widget_type=\"shortcode.default\">\n\t\t\t\t<div class=\"elementor-widget-container\">\n\t\t\t\t\t\t\t<div class=\"elementor-shortcode\"><div class=\"custom-breadcrumbs\"><a href=\"https:\/\/job.leximco.jp\/vi\"><img decoding=\"async\" src=\"http:\/\/job.leximco.jp\/wp-content\/uploads\/2025\/01\/Vector-6.svg\" alt=\"Home Icon\" class=\"breadcrumb-home-icon\"><\/a><\/div>\n<\/div>\n\t\t\t\t\t\t<\/div>\n\t\t\t\t<\/div>\n\t\t\t\t\t<\/div>\n\t\t\t\t<\/div>\n\t\t<div class=\"elementor-element elementor-element-0ef4611 e-flex e-con-boxed e-con e-parent\" data-id=\"0ef4611\" data-element_type=\"container\">\n\t\t\t\t\t<div class=\"e-con-inner\">\n\t\t\t\t<div class=\"elementor-element elementor-element-e5ca120 elementor-widget elementor-widget-heading\" data-id=\"e5ca120\" data-element_type=\"widget\" data-widget_type=\"heading.default\">\n\t\t\t\t<div class=\"elementor-widget-container\">\n\t\t\t\t\t<h2 class=\"elementor-heading-title elementor-size-default\">Quy tr\u00ecnh \u1ee9ng tuy\u1ec3n<\/h2>\t\t\t\t<\/div>\n\t\t\t\t<\/div>\n\t\t\t\t\t<\/div>\n\t\t\t\t<\/div>\n\t\t<div class=\"elementor-element elementor-element-51bd351 elementor-hidden-mobile e-flex e-con-boxed e-con e-parent\" data-id=\"51bd351\" data-element_type=\"container\">\n\t\t\t\t\t<div class=\"e-con-inner\">\n\t\t<div class=\"elementor-element elementor-element-d7ef45e e-con-full work-step-1 e-flex e-con e-child\" data-id=\"d7ef45e\" data-element_type=\"container\" id=\"work-step-1\" data-settings=\"{&quot;background_background&quot;:&quot;classic&quot;}\">\n\t\t\t\t<div class=\"elementor-element elementor-element-5da2ec0 elementor-widget elementor-widget-text-editor\" data-id=\"5da2ec0\" data-element_type=\"widget\" data-widget_type=\"text-editor.default\">\n\t\t\t\t<div class=\"elementor-widget-container\">\n\t\t\t\t\t\t\t\t\t<p>\u00a0<\/p><p style=\"text-align: center;\">B\u01b0\u1edbc 1<\/p>\t\t\t\t\t\t\t\t<\/div>\n\t\t\t\t<\/div>\n\t\t\t\t<div class=\"elementor-element elementor-element-0ccf150 elementor-widget elementor-widget-text-editor\" data-id=\"0ccf150\" data-element_type=\"widget\" data-widget_type=\"text-editor.default\">\n\t\t\t\t<div class=\"elementor-widget-container\">\n\t\t\t\t\t\t\t\t\t<p>G\u1eedi h\u1ed3 s\u01a1 tuy\u1ec3n d\u1ee5ng<\/p>\t\t\t\t\t\t\t\t<\/div>\n\t\t\t\t<\/div>\n\t\t\t\t<div class=\"elementor-element elementor-element-a1dc622 elementor-widget elementor-widget-text-editor\" data-id=\"a1dc622\" data-element_type=\"widget\" data-widget_type=\"text-editor.default\">\n\t\t\t\t<div class=\"elementor-widget-container\">\n\t\t\t\t\t\t\t\t\t<p><span style=\"white-space-collapse: preserve;\">\u0110\u1ea7u ti\u00ean, b\u1ea1n c\u1ea7n ph\u1ea3i \u0111\u0103ng k\u00fd h\u1ed3 s\u01a1 \u1ee9ng tuy\u1ec3n t\u1ea1i Leximco.<\/span><\/p>\t\t\t\t\t\t\t\t<\/div>\n\t\t\t\t<\/div>\n\t\t\t\t<\/div>\n\t\t<div class=\"elementor-element elementor-element-74320be e-con-full work-step-2 e-flex e-con e-child\" data-id=\"74320be\" data-element_type=\"container\" id=\"work-step-2\" data-settings=\"{&quot;background_background&quot;:&quot;classic&quot;}\">\n\t\t\t\t<div class=\"elementor-element elementor-element-667da5a elementor-widget elementor-widget-text-editor\" data-id=\"667da5a\" data-element_type=\"widget\" data-widget_type=\"text-editor.default\">\n\t\t\t\t<div class=\"elementor-widget-container\">\n\t\t\t\t\t\t\t\t\t<p>\u00a0<\/p><p>B\u01b0\u1edbc 2<\/p>\t\t\t\t\t\t\t\t<\/div>\n\t\t\t\t<\/div>\n\t\t\t\t<div class=\"elementor-element elementor-element-fdfc7fe elementor-widget elementor-widget-text-editor\" data-id=\"fdfc7fe\" data-element_type=\"widget\" data-widget_type=\"text-editor.default\">\n\t\t\t\t<div class=\"elementor-widget-container\">\n\t\t\t\t\t\t\t\t\t<p>Th\u00f4ng tin vi\u1ec7c l\u00e0m<\/p>\t\t\t\t\t\t\t\t<\/div>\n\t\t\t\t<\/div>\n\t\t\t\t<div class=\"elementor-element elementor-element-bbb01e8 elementor-widget elementor-widget-text-editor\" data-id=\"bbb01e8\" data-element_type=\"widget\" data-widget_type=\"text-editor.default\">\n\t\t\t\t<div class=\"elementor-widget-container\">\n\t\t\t\t\t\t\t\t\t<p>T\u01b0 v\u1ea5n vi\u00ean c\u1ee7a Leximco s\u1ebd trao \u0111\u1ed5i v\u1edbi b\u1ea1n c\u00e1c th\u00f4ng tin chi ti\u1ebft v\u1ec1 n\u1ed9i dung c\u00f4ng vi\u1ec7c t\u1ea1i n\u01a1i l\u00e0m vi\u1ec7c c\u1ee7a b\u1ea1n<\/p>\t\t\t\t\t\t\t\t<\/div>\n\t\t\t\t<\/div>\n\t\t\t\t<\/div>\n\t\t<div class=\"elementor-element elementor-element-bc69d83 e-con-full work-step-2 e-flex e-con e-child\" data-id=\"bc69d83\" data-element_type=\"container\" id=\"work-step-2\" data-settings=\"{&quot;background_background&quot;:&quot;classic&quot;}\">\n\t\t\t\t<div class=\"elementor-element elementor-element-212304c elementor-widget elementor-widget-text-editor\" data-id=\"212304c\" data-element_type=\"widget\" data-widget_type=\"text-editor.default\">\n\t\t\t\t<div class=\"elementor-widget-container\">\n\t\t\t\t\t\t\t\t\t<p>\u00a0<\/p><p>B\u01b0\u1edbc 3<\/p>\t\t\t\t\t\t\t\t<\/div>\n\t\t\t\t<\/div>\n\t\t\t\t<div class=\"elementor-element elementor-element-d9142a4 elementor-widget elementor-widget-text-editor\" data-id=\"d9142a4\" data-element_type=\"widget\" data-widget_type=\"text-editor.default\">\n\t\t\t\t<div class=\"elementor-widget-container\">\n\t\t\t\t\t\t\t\t\t<p>Th\u0103m n\u01a1i l\u00e0m vi\u1ec7c<\/p>\t\t\t\t\t\t\t\t<\/div>\n\t\t\t\t<\/div>\n\t\t\t\t<div class=\"elementor-element elementor-element-5f40945 elementor-widget elementor-widget-text-editor\" data-id=\"5f40945\" data-element_type=\"widget\" data-widget_type=\"text-editor.default\">\n\t\t\t\t<div class=\"elementor-widget-container\">\n\t\t\t\t\t\t\t\t\t<p>Ch\u00fang t\u00f4i s\u1ebd \u0111\u01b0a b\u1ea1n \u0111\u1ebfn th\u0103m tr\u1ef1c ti\u1ebfp x\u01b0\u1edfng n\u01a1i m\u00e0 b\u1ea1n mu\u1ed1n \u1ee9ng tuy\u1ec3n<\/p><p>\u00a0<\/p>\t\t\t\t\t\t\t\t<\/div>\n\t\t\t\t<\/div>\n\t\t\t\t<\/div>\n\t\t<div class=\"elementor-element elementor-element-9a156c7 e-con-full work-step-2 e-flex e-con e-child\" data-id=\"9a156c7\" data-element_type=\"container\" id=\"work-step-2\" data-settings=\"{&quot;background_background&quot;:&quot;classic&quot;}\">\n\t\t\t\t<div class=\"elementor-element elementor-element-9e208f7 elementor-widget elementor-widget-text-editor\" data-id=\"9e208f7\" data-element_type=\"widget\" data-widget_type=\"text-editor.default\">\n\t\t\t\t<div class=\"elementor-widget-container\">\n\t\t\t\t\t\t\t\t\t<p>\u00a0<\/p><p>B\u01b0\u1edbc 4<\/p>\t\t\t\t\t\t\t\t<\/div>\n\t\t\t\t<\/div>\n\t\t\t\t<div class=\"elementor-element elementor-element-1df1e4e elementor-widget elementor-widget-text-editor\" data-id=\"1df1e4e\" data-element_type=\"widget\" data-widget_type=\"text-editor.default\">\n\t\t\t\t<div class=\"elementor-widget-container\">\n\t\t\t\t\t\t\t\t\t<p>B\u1eaft \u0111\u1ea7u l\u00e0m vi\u1ec7c<\/p>\t\t\t\t\t\t\t\t<\/div>\n\t\t\t\t<\/div>\n\t\t\t\t<div class=\"elementor-element elementor-element-3ebe3bb elementor-widget elementor-widget-text-editor\" data-id=\"3ebe3bb\" data-element_type=\"widget\" data-widget_type=\"text-editor.default\">\n\t\t\t\t<div class=\"elementor-widget-container\">\n\t\t\t\t\t\t\t\t\t<p>Sau khi ng\u00e0y b\u1eaft \u0111\u1ea7u c\u00f4ng vi\u1ec7c c\u1ee7a b\u1ea1n \u0111\u01b0\u1ee3c x\u00e1c nh\u1eadn, ch\u00fang t\u00f4i s\u1ebd ti\u1ebfn h\u00e0nh c\u00e1c th\u1ee7 t\u1ee5c c\u1ea7n thi\u1ebft \u0111\u1ec3 chu\u1ea9n b\u1ecb cho b\u1ea1n.<\/p>\t\t\t\t\t\t\t\t<\/div>\n\t\t\t\t<\/div>\n\t\t\t\t<\/div>\n\t\t\t\t\t<\/div>\n\t\t\t\t<\/div>\n\t\t<div class=\"elementor-element elementor-element-8ba75fa e-flex e-con-boxed e-con e-parent\" data-id=\"8ba75fa\" data-element_type=\"container\">\n\t\t\t\t\t<div class=\"e-con-inner\">\n\t\t\t\t<div class=\"elementor-element elementor-element-1d16ee5 elementor-widget elementor-widget-html\" data-id=\"1d16ee5\" data-element_type=\"widget\" data-widget_type=\"html.default\">\n\t\t\t\t<div class=\"elementor-widget-container\">\n\t\t\t\t\t<!DOCTYPE html>\n<html lang=\"ja\">\n<head>\n    <meta charset=\"UTF-8\">\n    <meta name=\"viewport\" content=\"width=device-width, initial-scale=1.0\">\n    <title>Step Guide<\/title>\n    <link href=\"https:\/\/fonts.googleapis.com\/css2?family=Montserrat:wght@300;400;600&display=swap\" rel=\"stylesheet\">\n    <style>\n        * {\n            margin: 0;\n            padding: 0;\n            box-sizing: border-box;\n        }\n\n        body {\n            font-family: 'Montserrat', sans-serif;\n           \n        }\n\n        .timeline {\n            width: 100%;\n            margin: 0 auto;\n            position: relative;\n        }\n\n        .step {\n            display: flex;\n            align-items: flex-start;\n            position: relative;\n            margin-bottom: 40px;\n        }\n\n        .step::before {\n         \n            content: \"\";\n            position: absolute;\n            left: 20px;\n            top: 40px;\n            width: 2px;\n            height: calc(100% - 10px);\n            border-left: 2px dashed #323434; \/* Dashed line *\/\n        }\n\n        .step:last-child::before {\n            \n            height: 0;\n        }\n\n        .step-icon {\n         \n            width: 20px;\n            margin-left: 11px;\n            margin-top: 14px;\n            height: 20px;\n            background-color: #8B2E24;\n            border-radius: 50%;\n            display: flex;\n            justify-content: center;\n            align-items: center;\n            font-size: 14px;\n            font-weight: bold;\n            color: white;\n            flex-shrink: 0;\n            position: relative;\n            z-index: 1;\n        }\n\n        .step-content {   padding-top: 10px ;\n            margin-left: 20px;\n            flex-grow: 1;\n        }\n.step-number {\n   color: #8B2E24;\n}\n        .step-title {\n            font-weight: 700;\n            font-size: 18px;\n            color: black;\n            margin-bottom: 5px;\n        }\n\n        .step-description {\n            color: #333;\n            font-weight: 300;\n        }\n\n        .highlight {\n            color: #8B2E24 !important;\n            font-weight: bold;\n        }\n\n        .contact-info {\n            margin-top: 10px;\n            font-size: 14px;\n            color: #444;\n        }\n\n        ul {\n            margin-top: 10px;\n            padding-left: 20px;\n        }\n\n        @media (max-width: 768px) {\n            .timeline {\n                width: 90%;\n            }\n        }\n    <\/style>\n<\/head>\n<body>\n    <div class=\"timeline\">\n        <div class=\"step\">\n            <div class=\"step-icon\"><\/div>\n            <div class=\"step-content\">\n                <div class=\"step-number\">B\u01b0\u1edbc 1 <\/div>\n                <div class=\"step-title\">G\u1eedi h\u1ed3 s\u01a1 tuy\u1ec3n d\u1ee5ng <\/div>\n                \n                <div class=\"step-description\">\n                    Tr\u01b0\u1edbc ti\u00ean, b\u1ea1n c\u1ea7n \u0111\u0103ng k\u00fd l\u00e0m nh\u00e2n vi\u00ean v\u1edbi Leximco tr\u01b0\u1edbc. Vui l\u00f2ng \u0111\u0103ng k\u00fd qua \u0111i\u1ec7n tho\u1ea1i ho\u1eb7c trang web. \u0110i\u1ec1u ph\u1ed1i vi\u00ean c\u1ee7a ch\u00fang t\u00f4i s\u1ebd cung c\u1ea5p cho b\u1ea1n th\u00f4ng tin chi ti\u1ebft qua email ho\u1eb7c \u0111i\u1ec7n tho\u1ea1i. Sau \u0111\u00f3, b\u1ea1n c\u00f3 th\u1ec3 ho\u00e0n t\u1ea5t \u0111\u0103ng k\u00fd t\u1ea1i v\u0103n ph\u00f2ng c\u1ee7a ch\u00fang t\u00f4i ho\u1eb7c n\u1ebfu b\u1ea1n \u1edf xa ho\u1eb7c kh\u00f4ng th\u1ec3 \u0111\u1ebfn tr\u1ef1c ti\u1ebfp, b\u1ea1n c\u00f3 th\u1ec3 \u0111\u0103ng k\u00fd tr\u1ef1c tuy\u1ebfn.\n            <br>\n<a href=\"https:\/\/job.leximco.jp\/vi\/consultation-information\/\" target=\"_blank\" class=\"highlight\">C\u1eeda s\u1ed5 t\u01b0 v\u1ea5n (tr\u00f2 chuy\u1ec7n tr\u1ef1c ti\u1ebfp v\u1edbi t\u01b0 v\u1ea5n vi\u00ean)<\/a> <br>\n<a href=\"https:\/\/job.leximco.jp\/vi\/application-form\/\" target=\"_blank\" class=\"highlight\">\u1ee8ng tuy\u1ec3n online<\/a>\n\n                     <br>\n                    \n                    \u1ee8ng tuy\u1ec3n qua \u0111i\u1ec7n tho\u1ea1i:<strong> 0120252563<\/strong>(Cu\u1ed9c g\u1ecdi mi\u1ec5n ph\u00ed, c\u00e1c ng\u00e0y trong tu\u1ea7n t\u1eeb 9 gi\u1edd s\u00e1ng \u0111\u1ebfn 6 gi\u1edd chi\u1ec1u)<br>\n                    <strong>Nh\u1eefng th\u1ee9 c\u1ea7n thi\u1ebft khi \u0111\u0103ng k\u00fd<\/strong>\n                    <ul>\n                        <li>S\u01a1 y\u1ebfu l\u00fd l\u1ecbch \/ Gi\u1ea5y t\u1edd x\u00e1c minh danh t\u00ednh (b\u1eb1ng l\u00e1i xe, h\u1ed9 chi\u1ebfu, th\u1ebb c\u00e1 nh\u00e2n My Number, v.v.)<\/li>\n                    <\/ul>\n            <a href=\"\/vi\/my-page\/\" target=\"_blank\" class=\"highlight\">\u1ee8ng d\u1ee5ng t\u1ea1o s\u01a1 y\u1ebfu l\u00fd l\u1ecbch mi\u1ec5n ph\u00ed<\/a>\n\n                <\/div>\n            <\/div>\n        <\/div>\n\n        <div class=\"step\">\n            <div class=\"step-icon\"><\/div>\n            <div class=\"step-content\">\n                \n               <div class=\"step-number\">B\u01b0\u1edbc 2 <\/div>\n                <div class=\"step-title\">Th\u00f4ng tin vi\u1ec7c l\u00e0m <\/div>\n             \n                <div class=\"step-description\">\n                    T\u01b0 v\u1ea5n vi\u00ean c\u1ee7a Leximco s\u1ebd trao \u0111\u1ed5i v\u1edbi b\u1ea1n c\u00e1c th\u00f4ng tin chi ti\u1ebft v\u1ec1 n\u1ed9i dung c\u00f4ng vi\u1ec7c t\u1ea1i n\u01a1i l\u00e0m vi\u1ec7c c\u1ee7a b\u1ea1n<br>\n                    nh\u01b0 th\u1eddi gian l\u00e0m vi\u1ec7c, \u0111i\u1ec1u ki\u1ec7n tuy\u1ec3n d\u1ee5ng, th\u1eddi h\u1ea1n.... H\u00e3y x\u00e1c nh\u1eadn b\u1ea1n c\u00f3 ph\u00f9 h\u1ee3p v\u1edbi \u0111i\u1ec1u ki\u1ec7n tuy\u1ec3n d\u1ee5ng hay kh\u00f4ng\n                <\/div>\n            <\/div>\n        <\/div>\n\n        <div class=\"step\">\n            <div class=\"step-icon\"><\/div>\n            <div class=\"step-content\">\n                \n              <div class=\"step-number\">B\u01b0\u1edbc 3 <\/div>\n                <div class=\"step-title\">Th\u0103m n\u01a1i l\u00e0m vi\u1ec7c <\/div>   \n                \n                <div class=\"step-description\">\n                    Ch\u00fang t\u00f4i s\u1ebd \u0111\u01b0a b\u1ea1n \u0111\u1ebfn th\u0103m tr\u1ef1c ti\u1ebfp x\u01b0\u1edfng n\u01a1i m\u00e0 b\u1ea1n mu\u1ed1n \u1ee9ng tuy\u1ec3n<br>\n                    Tr\u01b0\u1edbc khi quy\u1ebft \u0111\u1ecbnh chuy\u1ec3n \u0111\u1ebfn l\u00e0m vi\u1ec7c t\u1ea1i c\u00f4ng ty m\u1edbi, ch\u00fang t\u00f4i s\u1ebd \u0111\u01b0a b\u1ea1n t\u1edbi tham quan m\u00f4i tr\u01b0\u1eddng l\u00e0m vi\u1ec7c v\u00e0 g\u1eb7p g\u1ee1 n\u00f3i chuy\u1ec7n v\u1edbi c\u00e1c nh\u00e2n vi\u00ean t\u1ea1i n\u01a1i b\u1ea1n \u1ee9ng tuy\u1ec3n\n                <\/div>\n            <\/div>\n        <\/div>\n\n        <div class=\"step\">\n            <div class=\"step-icon\"><\/div>\n            <div class=\"step-content\">\n                \n            <div class=\"step-number\">B\u01b0\u1edbc 4 <\/div>\n                <div class=\"step-title\">B\u1eaft \u0111\u1ea7u l\u00e0m vi\u1ec7c <\/div>   \n                \n                <div class=\"step-description\">\n                    Sau khi ng\u00e0y b\u1eaft \u0111\u1ea7u c\u00f4ng vi\u1ec7c c\u1ee7a b\u1ea1n \u0111\u01b0\u1ee3c x\u00e1c nh\u1eadn, ch\u00fang t\u00f4i s\u1ebd ti\u1ebfn h\u00e0nh c\u00e1c th\u1ee7 t\u1ee5c c\u1ea7n thi\u1ebft \u0111\u1ec3 chu\u1ea9n b\u1ecb cho b\u1ea1n.<br>\n                    Leximco h\u1ed7 tr\u1ee3 \u0111\u1ec3 b\u1ea1n c\u00f3 th\u1ec3 l\u00e0m vi\u1ec7c m\u1ed9t c\u00e1ch an t\u00e2m ngay c\u1ea3 trong th\u1eddi gian l\u00e0m vi\u1ec7c. N\u1ebfu c\u00f3 v\u1ea5n \u0111\u1ec1 c\u1ea7n trao \u0111\u1ed5i, h\u00e3y li\u00ean h\u1ec7 ch\u00fang t\u00f4i\n                <\/div>\n            <\/div>\n            \n        <\/div>\n        <div><\/div>\n    <\/div>\n<\/body>\n<\/html>\n\t\t\t\t<\/div>\n\t\t\t\t<\/div>\n\t\t\t\t\t<\/div>\n\t\t\t\t<\/div>\n\t\t\t\t<\/div>","protected":false},"excerpt":{"rendered":"<p>\u304a\u4ed5\u4e8b\u958b\u59cb\u306e\u6d41\u308c \u00a0 STEP 1 \u5fdc\u52df\uff65\u767b\u9332 \u307e\u305a\u306f\u3001\u4e8b\u524d\u306b\u30ec\u30fc\u30b7\u30e0\u30b3\u306b\u30b9\u30bf\u30c3\u30d5\u767b\u9332\u304c\u5fc5\u8981\u306b\u306a\u308a\u307e\u3059\u3002 \u00a0  [&hellip;]<\/p>","protected":false},"author":1,"featured_media":0,"parent":0,"menu_order":0,"comment_status":"closed","ping_status":"closed","template":"","meta":{"footnotes":""},"class_list":["post-39","page","type-page","status-publish","hentry"],"yoast_head":"<!-- This site is optimized with the Yoast SEO Premium plugin v24.8 (Yoast SEO v24.8.1) - https:\/\/yoast.com\/wordpress\/plugins\/seo\/ -->\n<title>\u304a\u4ed5\u4e8b\u958b\u59cb\u306e\u6d41\u308c - Leximco<\/title>\n<meta name=\"robots\" content=\"index, follow, max-snippet:-1, max-image-preview:large, max-video-preview:-1\" \/>\n<link rel=\"canonical\" href=\"https:\/\/job.leximco.jp\/vi\/application-process\/\" \/>\n<meta property=\"og:locale\" content=\"vi_VN\" \/>\n<meta property=\"og:type\" content=\"article\" \/>\n<meta property=\"og:title\" content=\"\u304a\u4ed5\u4e8b\u958b\u59cb\u306e\u6d41\u308c\" \/>\n<meta property=\"og:description\" content=\"\u304a\u4ed5\u4e8b\u958b\u59cb\u306e\u6d41\u308c \u00a0 STEP 1 \u5fdc\u52df\uff65\u767b\u9332 \u307e\u305a\u306f\u3001\u4e8b\u524d\u306b\u30ec\u30fc\u30b7\u30e0\u30b3\u306b\u30b9\u30bf\u30c3\u30d5\u767b\u9332\u304c\u5fc5\u8981\u306b\u306a\u308a\u307e\u3059\u3002 \u00a0 [&hellip;]\" \/>\n<meta property=\"og:url\" content=\"https:\/\/job.leximco.jp\/vi\/application-process\/\" \/>\n<meta property=\"og:site_name\" content=\"Leximco\" \/>\n<meta property=\"article:modified_time\" content=\"2025-04-09T06:01:02+00:00\" \/>\n<meta name=\"twitter:card\" content=\"summary_large_image\" \/>\n<script type=\"application\/ld+json\" class=\"yoast-schema-graph\">{\"@context\":\"https:\/\/schema.org\",\"@graph\":[{\"@type\":\"WebPage\",\"@id\":\"https:\/\/job.leximco.jp\/application-process\/\",\"url\":\"https:\/\/job.leximco.jp\/application-process\/\",\"name\":\"\u304a\u4ed5\u4e8b\u958b\u59cb\u306e\u6d41\u308c - Leximco\",\"isPartOf\":{\"@id\":\"https:\/\/job.leximco.jp\/#website\"},\"datePublished\":\"2025-01-13T02:20:09+00:00\",\"dateModified\":\"2025-04-09T06:01:02+00:00\",\"breadcrumb\":{\"@id\":\"https:\/\/job.leximco.jp\/application-process\/#breadcrumb\"},\"inLanguage\":\"vi\",\"potentialAction\":[{\"@type\":\"ReadAction\",\"target\":[\"https:\/\/job.leximco.jp\/application-process\/\"]}]},{\"@type\":\"BreadcrumbList\",\"@id\":\"https:\/\/job.leximco.jp\/application-process\/#breadcrumb\",\"itemListElement\":[{\"@type\":\"ListItem\",\"position\":1,\"name\":\"Home\",\"item\":\"https:\/\/job.leximco.jp\/\"},{\"@type\":\"ListItem\",\"position\":2,\"name\":\"\u304a\u4ed5\u4e8b\u958b\u59cb\u306e\u6d41\u308c\"}]},{\"@type\":\"WebSite\",\"@id\":\"https:\/\/job.leximco.jp\/#website\",\"url\":\"https:\/\/job.leximco.jp\/\",\"name\":\"Leximco\",\"description\":\"\u7121\u6599\u8ee2\u8077\u30b5\u30dd\u30fc\u30c8\",\"publisher\":{\"@id\":\"https:\/\/job.leximco.jp\/#organization\"},\"potentialAction\":[{\"@type\":\"SearchAction\",\"target\":{\"@type\":\"EntryPoint\",\"urlTemplate\":\"https:\/\/job.leximco.jp\/?s={search_term_string}\"},\"query-input\":{\"@type\":\"PropertyValueSpecification\",\"valueRequired\":true,\"valueName\":\"search_term_string\"}}],\"inLanguage\":\"vi\"},{\"@type\":\"Organization\",\"@id\":\"https:\/\/job.leximco.jp\/#organization\",\"name\":\"Leximco\",\"url\":\"https:\/\/job.leximco.jp\/\",\"logo\":{\"@type\":\"ImageObject\",\"inLanguage\":\"vi\",\"@id\":\"https:\/\/job.leximco.jp\/#\/schema\/logo\/image\/\",\"url\":\"https:\/\/job.leximco.jp\/wp-content\/uploads\/2025\/04\/cropped-z6451993174049_bd5eb7045102a0a8c2f06ec3b4dabb6f.jpg\",\"contentUrl\":\"https:\/\/job.leximco.jp\/wp-content\/uploads\/2025\/04\/cropped-z6451993174049_bd5eb7045102a0a8c2f06ec3b4dabb6f.jpg\",\"width\":512,\"height\":512,\"caption\":\"Leximco\"},\"image\":{\"@id\":\"https:\/\/job.leximco.jp\/#\/schema\/logo\/image\/\"}}]}<\/script>\n<!-- \/ Yoast SEO Premium plugin. -->","yoast_head_json":{"title":"\u304a\u4ed5\u4e8b\u958b\u59cb\u306e\u6d41\u308c - Leximco","robots":{"index":"index","follow":"follow","max-snippet":"max-snippet:-1","max-image-preview":"max-image-preview:large","max-video-preview":"max-video-preview:-1"},"canonical":"https:\/\/job.leximco.jp\/vi\/application-process\/","og_locale":"vi_VN","og_type":"article","og_title":"\u304a\u4ed5\u4e8b\u958b\u59cb\u306e\u6d41\u308c","og_description":"\u304a\u4ed5\u4e8b\u958b\u59cb\u306e\u6d41\u308c \u00a0 STEP 1 \u5fdc\u52df\uff65\u767b\u9332 \u307e\u305a\u306f\u3001\u4e8b\u524d\u306b\u30ec\u30fc\u30b7\u30e0\u30b3\u306b\u30b9\u30bf\u30c3\u30d5\u767b\u9332\u304c\u5fc5\u8981\u306b\u306a\u308a\u307e\u3059\u3002 \u00a0 [&hellip;]","og_url":"https:\/\/job.leximco.jp\/vi\/application-process\/","og_site_name":"Leximco","article_modified_time":"2025-04-09T06:01:02+00:00","twitter_card":"summary_large_image","schema":{"@context":"https:\/\/schema.org","@graph":[{"@type":"WebPage","@id":"https:\/\/job.leximco.jp\/application-process\/","url":"https:\/\/job.leximco.jp\/application-process\/","name":"\u304a\u4ed5\u4e8b\u958b\u59cb\u306e\u6d41\u308c - Leximco","isPartOf":{"@id":"https:\/\/job.leximco.jp\/#website"},"datePublished":"2025-01-13T02:20:09+00:00","dateModified":"2025-04-09T06:01:02+00:00","breadcrumb":{"@id":"https:\/\/job.leximco.jp\/application-process\/#breadcrumb"},"inLanguage":"vi","potentialAction":[{"@type":"ReadAction","target":["https:\/\/job.leximco.jp\/application-process\/"]}]},{"@type":"BreadcrumbList","@id":"https:\/\/job.leximco.jp\/application-process\/#breadcrumb","itemListElement":[{"@type":"ListItem","position":1,"name":"Home","item":"https:\/\/job.leximco.jp\/"},{"@type":"ListItem","position":2,"name":"\u304a\u4ed5\u4e8b\u958b\u59cb\u306e\u6d41\u308c"}]},{"@type":"WebSite","@id":"https:\/\/job.leximco.jp\/#website","url":"https:\/\/job.leximco.jp\/","name":"Leximco","description":"\u7121\u6599\u8ee2\u8077\u30b5\u30dd\u30fc\u30c8","publisher":{"@id":"https:\/\/job.leximco.jp\/#organization"},"potentialAction":[{"@type":"SearchAction","target":{"@type":"EntryPoint","urlTemplate":"https:\/\/job.leximco.jp\/?s={search_term_string}"},"query-input":{"@type":"PropertyValueSpecification","valueRequired":true,"valueName":"search_term_string"}}],"inLanguage":"vi"},{"@type":"Organization","@id":"https:\/\/job.leximco.jp\/#organization","name":"Leximco","url":"https:\/\/job.leximco.jp\/","logo":{"@type":"ImageObject","inLanguage":"vi","@id":"https:\/\/job.leximco.jp\/#\/schema\/logo\/image\/","url":"https:\/\/job.leximco.jp\/wp-content\/uploads\/2025\/04\/cropped-z6451993174049_bd5eb7045102a0a8c2f06ec3b4dabb6f.jpg","contentUrl":"https:\/\/job.leximco.jp\/wp-content\/uploads\/2025\/04\/cropped-z6451993174049_bd5eb7045102a0a8c2f06ec3b4dabb6f.jpg","width":512,"height":512,"caption":"Leximco"},"image":{"@id":"https:\/\/job.leximco.jp\/#\/schema\/logo\/image\/"}}]}},"_links":{"self":[{"href":"https:\/\/job.leximco.jp\/vi\/wp-json\/wp\/v2\/pages\/39","targetHints":{"allow":["GET"]}}],"collection":[{"href":"https:\/\/job.leximco.jp\/vi\/wp-json\/wp\/v2\/pages"}],"about":[{"href":"https:\/\/job.leximco.jp\/vi\/wp-json\/wp\/v2\/types\/page"}],"author":[{"embeddable":true,"href":"https:\/\/job.leximco.jp\/vi\/wp-json\/wp\/v2\/users\/1"}],"replies":[{"embeddable":true,"href":"https:\/\/job.leximco.jp\/vi\/wp-json\/wp\/v2\/comments?post=39"}],"version-history":[{"count":107,"href":"https:\/\/job.leximco.jp\/vi\/wp-json\/wp\/v2\/pages\/39\/revisions"}],"predecessor-version":[{"id":8405,"href":"https:\/\/job.leximco.jp\/vi\/wp-json\/wp\/v2\/pages\/39\/revisions\/8405"}],"wp:attachment":[{"href":"https:\/\/job.leximco.jp\/vi\/wp-json\/wp\/v2\/media?parent=39"}],"curies":[{"name":"wp","href":"https:\/\/api.w.org\/{rel}","templated":true}]}}